{"id":722,"date":"2017-07-21T10:30:07","date_gmt":"2017-07-21T10:30:07","guid":{"rendered":"https:\/\/oros.s.nomatter.dev\/?page_id=722\/"},"modified":"2017-08-23T06:52:42","modified_gmt":"2017-08-23T06:52:42","slug":"notre-politique","status":"publish","type":"page","link":"https:\/\/oros.s.nomatter.dev\/fr\/notre-politique\/","title":{"rendered":"NOTRE POLITIQUE"},"content":{"rendered":"<p>Notre soci\u00e9t\u00e9, sous la marque \u00ab\u00a0OROS \u2013 Hellenic Organic Herb Cultivations\u00a0, est une entreprise familiale de culture, traitement et commerce d\u2019herbes et de plantes aromatiques biologiques.<\/p>\n<p>Nos activit\u00e9s sont la culture de nos plantes aromatiques et herbes, l\u2019\u00e9volution continue de nos plantations par la supervision et le contr\u00f4le scientifique, ainsi que la vente de nos produits et le d\u00e9veloppement de notre marque en Gr\u00e8ce et \u00e0 l\u2019\u00e9tranger.<\/p>\n<p>Nous nous engageons \u00e0:<\/p>\n<ul>\n<li>respecter la l\u00e9gislation grecque et europ\u00e9enne<\/li>\n<li>r\u00e9pondre aux besoins de notre client\u00e8le<\/li>\n<li>d\u00e9veloper nos plantations afin de proposer des produits de haute qualit\u00e9<\/li>\n<li>utiliser des m\u00e9thodes de culture, de traitement et de production respectueuses de l\u2019environnement pour garantir une intervention minimum \u00e0 l\u2019\u00e9cosyst\u00e8me local.<\/li>\n<\/ul>\n<p>Notre objectif est de produire d\u2019herbes et de plantes aromatiques de haute qualit\u00e9 afin de satisfaire constamment les exigences de nos clients.<\/p>\n","protected":false},"excerpt":{"rendered":"<p>Notre soci\u00e9t\u00e9, sous la marque \u00ab\u00a0OROS \u2013 Hellenic Organic Herb<a href=\"https:\/\/oros.s.nomatter.dev\/fr\/notre-politique\/\">&#8230;<\/a><\/p>\n","protected":false},"author":4,"featured_media":0,"parent":0,"menu_order":0,"comment_status":"closed","ping_status":"closed","template":"template-sidebar.php","meta":{"_acf_changed":false,"footnotes":""},"acf":[],"yoast_head":"<!-- This site is optimized with the Yoast SEO plugin v24.5 - https:\/\/yoast.com\/wordpress\/plugins\/seo\/ -->\n<title>Notre politique - OROS Hellenic Organic Herb Cultivations<\/title>\n<meta name=\"robots\" content=\"noindex, follow, max-snippet:-1, max-image-preview:large, max-video-preview:-1\" \/>\n<meta property=\"og:locale\" content=\"fr_FR\" \/>\n<meta property=\"og:type\" content=\"article\" \/>\n<meta property=\"og:title\" content=\"Notre politique - OROS Hellenic Organic Herb Cultivations\" \/>\n<meta property=\"og:description\" content=\"Notre soci\u00e9t\u00e9, sous la marque \u00ab\u00a0OROS \u2013 Hellenic Organic Herb...\" \/>\n<meta property=\"og:url\" content=\"https:\/\/oros.s.nomatter.dev\/fr\/notre-politique\/\" \/>\n<meta property=\"og:site_name\" content=\"Oros\" \/>\n<meta property=\"article:publisher\" content=\"https:\/\/www.facebook.com\/orosorganicherbs\/\" \/>\n<meta property=\"article:modified_time\" content=\"2017-08-23T06:52:42+00:00\" \/>\n<meta property=\"og:image\" content=\"https:\/\/oros.s.nomatter.dev\/wp-content\/uploads\/2017\/09\/logo-oros.png\" \/>\n\t<meta property=\"og:image:width\" content=\"1000\" \/>\n\t<meta property=\"og:image:height\" content=\"795\" \/>\n\t<meta property=\"og:image:type\" content=\"image\/png\" \/>\n<meta name=\"twitter:card\" content=\"summary_large_image\" \/>\n<meta name=\"twitter:label1\" content=\"Dur\u00e9e de lecture estim\u00e9e\" \/>\n\t<meta name=\"twitter:data1\" content=\"1 minute\" \/>\n<script type=\"application\/ld+json\" class=\"yoast-schema-graph\">{\"@context\":\"https:\/\/schema.org\",\"@graph\":[{\"@type\":\"WebPage\",\"@id\":\"https:\/\/oros.s.nomatter.dev\/fr\/notre-politique\/\",\"url\":\"https:\/\/oros.s.nomatter.dev\/fr\/notre-politique\/\",\"name\":\"Notre politique - OROS Hellenic Organic Herb Cultivations\",\"isPartOf\":{\"@id\":\"https:\/\/oros.s.nomatter.dev\/#website\"},\"datePublished\":\"2017-07-21T10:30:07+00:00\",\"dateModified\":\"2017-08-23T06:52:42+00:00\",\"breadcrumb\":{\"@id\":\"https:\/\/oros.s.nomatter.dev\/fr\/notre-politique\/#breadcrumb\"},\"inLanguage\":\"fr-FR\",\"potentialAction\":[{\"@type\":\"ReadAction\",\"target\":[\"https:\/\/oros.s.nomatter.dev\/fr\/notre-politique\/\"]}]},{\"@type\":\"BreadcrumbList\",\"@id\":\"https:\/\/oros.s.nomatter.dev\/fr\/notre-politique\/#breadcrumb\",\"itemListElement\":[{\"@type\":\"ListItem\",\"position\":1,\"name\":\"Home\",\"item\":\"https:\/\/oros.s.nomatter.dev\/fr\/homepage\/\"},{\"@type\":\"ListItem\",\"position\":2,\"name\":\"NOTRE POLITIQUE\"}]},{\"@type\":\"WebSite\",\"@id\":\"https:\/\/oros.s.nomatter.dev\/#website\",\"url\":\"https:\/\/oros.s.nomatter.dev\/\",\"name\":\"Oros\",\"description\":\"Hellenic Organic Herb Cultivation\",\"publisher\":{\"@id\":\"https:\/\/oros.s.nomatter.dev\/#organization\"},\"potentialAction\":[{\"@type\":\"SearchAction\",\"target\":{\"@type\":\"EntryPoint\",\"urlTemplate\":\"https:\/\/oros.s.nomatter.dev\/?s={search_term_string}\"},\"query-input\":{\"@type\":\"PropertyValueSpecification\",\"valueRequired\":true,\"valueName\":\"search_term_string\"}}],\"inLanguage\":\"fr-FR\"},{\"@type\":\"Organization\",\"@id\":\"https:\/\/oros.s.nomatter.dev\/#organization\",\"name\":\"Oros Herbs\",\"url\":\"https:\/\/oros.s.nomatter.dev\/\",\"logo\":{\"@type\":\"ImageObject\",\"inLanguage\":\"fr-FR\",\"@id\":\"https:\/\/oros.s.nomatter.dev\/#\/schema\/logo\/image\/\",\"url\":\"\/wp-content\/uploads\/2017\/09\/logo-oros.png\",\"contentUrl\":\"\/wp-content\/uploads\/2017\/09\/logo-oros.png\",\"width\":1000,\"height\":795,\"caption\":\"Oros Herbs\"},\"image\":{\"@id\":\"https:\/\/oros.s.nomatter.dev\/#\/schema\/logo\/image\/\"},\"sameAs\":[\"https:\/\/www.facebook.com\/orosorganicherbs\/\",\"https:\/\/www.youtube.com\/channel\/UC-v4NyHsMBnAQ3eYCrH6jwQ\"]}]}<\/script>\n<!-- \/ Yoast SEO plugin. -->","yoast_head_json":{"title":"Notre politique - OROS Hellenic Organic Herb Cultivations","robots":{"index":"noindex","follow":"follow","max-snippet":"max-snippet:-1","max-image-preview":"max-image-preview:large","max-video-preview":"max-video-preview:-1"},"og_locale":"fr_FR","og_type":"article","og_title":"Notre politique - OROS Hellenic Organic Herb Cultivations","og_description":"Notre soci\u00e9t\u00e9, sous la marque \u00ab\u00a0OROS \u2013 Hellenic Organic Herb...","og_url":"https:\/\/oros.s.nomatter.dev\/fr\/notre-politique\/","og_site_name":"Oros","article_publisher":"https:\/\/www.facebook.com\/orosorganicherbs\/","article_modified_time":"2017-08-23T06:52:42+00:00","og_image":[{"width":1000,"height":795,"url":"https:\/\/oros.s.nomatter.dev\/wp-content\/uploads\/2017\/09\/logo-oros.png","type":"image\/png"}],"twitter_card":"summary_large_image","twitter_misc":{"Dur\u00e9e de lecture estim\u00e9e":"1 minute"},"schema":{"@context":"https:\/\/schema.org","@graph":[{"@type":"WebPage","@id":"https:\/\/oros.s.nomatter.dev\/fr\/notre-politique\/","url":"https:\/\/oros.s.nomatter.dev\/fr\/notre-politique\/","name":"Notre politique - OROS Hellenic Organic Herb Cultivations","isPartOf":{"@id":"https:\/\/oros.s.nomatter.dev\/#website"},"datePublished":"2017-07-21T10:30:07+00:00","dateModified":"2017-08-23T06:52:42+00:00","breadcrumb":{"@id":"https:\/\/oros.s.nomatter.dev\/fr\/notre-politique\/#breadcrumb"},"inLanguage":"fr-FR","potentialAction":[{"@type":"ReadAction","target":["https:\/\/oros.s.nomatter.dev\/fr\/notre-politique\/"]}]},{"@type":"BreadcrumbList","@id":"https:\/\/oros.s.nomatter.dev\/fr\/notre-politique\/#breadcrumb","itemListElement":[{"@type":"ListItem","position":1,"name":"Home","item":"https:\/\/oros.s.nomatter.dev\/fr\/homepage\/"},{"@type":"ListItem","position":2,"name":"NOTRE POLITIQUE"}]},{"@type":"WebSite","@id":"https:\/\/oros.s.nomatter.dev\/#website","url":"https:\/\/oros.s.nomatter.dev\/","name":"Oros","description":"Hellenic Organic Herb Cultivation","publisher":{"@id":"https:\/\/oros.s.nomatter.dev\/#organization"},"potentialAction":[{"@type":"SearchAction","target":{"@type":"EntryPoint","urlTemplate":"https:\/\/oros.s.nomatter.dev\/?s={search_term_string}"},"query-input":{"@type":"PropertyValueSpecification","valueRequired":true,"valueName":"search_term_string"}}],"inLanguage":"fr-FR"},{"@type":"Organization","@id":"https:\/\/oros.s.nomatter.dev\/#organization","name":"Oros Herbs","url":"https:\/\/oros.s.nomatter.dev\/","logo":{"@type":"ImageObject","inLanguage":"fr-FR","@id":"https:\/\/oros.s.nomatter.dev\/#\/schema\/logo\/image\/","url":"\/wp-content\/uploads\/2017\/09\/logo-oros.png","contentUrl":"\/wp-content\/uploads\/2017\/09\/logo-oros.png","width":1000,"height":795,"caption":"Oros Herbs"},"image":{"@id":"https:\/\/oros.s.nomatter.dev\/#\/schema\/logo\/image\/"},"sameAs":["https:\/\/www.facebook.com\/orosorganicherbs\/","https:\/\/www.youtube.com\/channel\/UC-v4NyHsMBnAQ3eYCrH6jwQ"]}]}},"_links":{"self":[{"href":"https:\/\/oros.s.nomatter.dev\/fr\/wp-json\/wp\/v2\/pages\/722"}],"collection":[{"href":"https:\/\/oros.s.nomatter.dev\/fr\/wp-json\/wp\/v2\/pages"}],"about":[{"href":"https:\/\/oros.s.nomatter.dev\/fr\/wp-json\/wp\/v2\/types\/page"}],"author":[{"embeddable":true,"href":"https:\/\/oros.s.nomatter.dev\/fr\/wp-json\/wp\/v2\/users\/4"}],"replies":[{"embeddable":true,"href":"https:\/\/oros.s.nomatter.dev\/fr\/wp-json\/wp\/v2\/comments?post=722"}],"version-history":[{"count":1,"href":"https:\/\/oros.s.nomatter.dev\/fr\/wp-json\/wp\/v2\/pages\/722\/revisions"}],"predecessor-version":[{"id":723,"href":"https:\/\/oros.s.nomatter.dev\/fr\/wp-json\/wp\/v2\/pages\/722\/revisions\/723"}],"wp:attachment":[{"href":"https:\/\/oros.s.nomatter.dev\/fr\/wp-json\/wp\/v2\/media?parent=722"}],"curies":[{"name":"wp","href":"https:\/\/api.w.org\/{rel}","templated":true}]}}